{"id":12112,"date":"2023-09-01T20:48:11","date_gmt":"2023-09-01T20:48:11","guid":{"rendered":"https:\/\/actioncanada.ca\/?page_id=12112"},"modified":"2026-01-15T15:53:31","modified_gmt":"2026-01-15T15:53:31","slug":"politiques-101","status":"publish","type":"page","link":"https:\/\/www.actioncanada.ca\/fr\/politiques-101\/","title":{"rendered":"Politiques 101"},"content":{"rendered":"","protected":false},"excerpt":{"rendered":"","protected":false},"author":9,"featured_media":0,"parent":0,"menu_order":0,"comment_status":"closed","ping_status":"closed","template":"page-policy.php","meta":{"_acf_changed":false,"_seopress_robots_primary_cat":"","_seopress_titles_title":"Vous \u00eates-vous d\u00e9j\u00e0 demand\u00e9 pourquoi certaines r\u00e8gles existent et comment elles fa\u00e7onnent le monde ?","_seopress_titles_desc":"Les politiques publiques d\u00e9terminent un grand nombre de r\u00e8gles et de lignes directrices dans notre soci\u00e9t\u00e9 et touchent donc tous les aspects de notre vie. Il est donc essentiel de comprendre ce que sont les politiques publiques et comment elles sont \u00e9labor\u00e9es pour comprendre le monde qui nous entoure et avoir une influence sur lui.","_seopress_robots_index":"","footnotes":""},"class_list":["post-12112","page","type-page","status-publish","hentry"],"acf":[],"_links":{"self":[{"href":"https:\/\/www.actioncanada.ca\/fr\/wp-json\/wp\/v2\/pages\/12112","targetHints":{"allow":["GET"]}}],"collection":[{"href":"https:\/\/www.actioncanada.ca\/fr\/wp-json\/wp\/v2\/pages"}],"about":[{"href":"https:\/\/www.actioncanada.ca\/fr\/wp-json\/wp\/v2\/types\/page"}],"author":[{"embeddable":true,"href":"https:\/\/www.actioncanada.ca\/fr\/wp-json\/wp\/v2\/users\/9"}],"replies":[{"embeddable":true,"href":"https:\/\/www.actioncanada.ca\/fr\/wp-json\/wp\/v2\/comments?post=12112"}],"version-history":[{"count":14,"href":"https:\/\/www.actioncanada.ca\/fr\/wp-json\/wp\/v2\/pages\/12112\/revisions"}],"predecessor-version":[{"id":20645,"href":"https:\/\/www.actioncanada.ca\/fr\/wp-json\/wp\/v2\/pages\/12112\/revisions\/20645"}],"wp:attachment":[{"href":"https:\/\/www.actioncanada.ca\/fr\/wp-json\/wp\/v2\/media?parent=12112"}],"curies":[{"name":"wp","href":"https:\/\/api.w.org\/{rel}","templated":true}]}}