{"id":15950,"date":"2024-07-11T21:36:45","date_gmt":"2024-07-11T21:36:45","guid":{"rendered":"https:\/\/actioncanada.ca\/prix\/"},"modified":"2025-12-19T17:20:55","modified_gmt":"2025-12-19T17:20:55","slug":"prix","status":"publish","type":"page","link":"https:\/\/www.actioncanada.ca\/fr\/prix\/","title":{"rendered":"Ancien.ne.s c\u00e9l\u00e9br\u00e9.e.s"},"content":{"rendered":"","protected":false},"excerpt":{"rendered":"","protected":false},"author":9,"featured_media":0,"parent":0,"menu_order":0,"comment_status":"closed","ping_status":"closed","template":"page-awards.php","meta":{"_acf_changed":false,"_seopress_robots_primary_cat":"","_seopress_titles_title":"","_seopress_titles_desc":"","_seopress_robots_index":"","footnotes":""},"class_list":["post-15950","page","type-page","status-publish","hentry"],"acf":[],"_links":{"self":[{"href":"https:\/\/www.actioncanada.ca\/fr\/wp-json\/wp\/v2\/pages\/15950","targetHints":{"allow":["GET"]}}],"collection":[{"href":"https:\/\/www.actioncanada.ca\/fr\/wp-json\/wp\/v2\/pages"}],"about":[{"href":"https:\/\/www.actioncanada.ca\/fr\/wp-json\/wp\/v2\/types\/page"}],"author":[{"embeddable":true,"href":"https:\/\/www.actioncanada.ca\/fr\/wp-json\/wp\/v2\/users\/9"}],"replies":[{"embeddable":true,"href":"https:\/\/www.actioncanada.ca\/fr\/wp-json\/wp\/v2\/comments?post=15950"}],"version-history":[{"count":14,"href":"https:\/\/www.actioncanada.ca\/fr\/wp-json\/wp\/v2\/pages\/15950\/revisions"}],"predecessor-version":[{"id":20709,"href":"https:\/\/www.actioncanada.ca\/fr\/wp-json\/wp\/v2\/pages\/15950\/revisions\/20709"}],"wp:attachment":[{"href":"https:\/\/www.actioncanada.ca\/fr\/wp-json\/wp\/v2\/media?parent=15950"}],"curies":[{"name":"wp","href":"https:\/\/api.w.org\/{rel}","templated":true}]}}