{"id":19664,"date":"2025-11-18T00:56:02","date_gmt":"2025-11-18T00:56:02","guid":{"rendered":"https:\/\/www.actioncanada.ca\/?page_id=19664"},"modified":"2025-12-05T18:21:47","modified_gmt":"2025-12-05T18:21:47","slug":"anciens-fellows","status":"publish","type":"page","link":"https:\/\/www.actioncanada.ca\/fr\/anciens-fellows\/","title":{"rendered":"Nos ancien.ne.s"},"content":{"rendered":"<p>Les plus de 300 ancien\u00b7ne\u00b7s d\u2019Action Canada forment un r\u00e9seau national de leaders issus de divers secteurs, dont les affaires, le gouvernement, le milieu universitaire, les sciences et les organismes sans but lucratif, unis par un engagement commun envers le pays et les politiques publiques. Ils et elles demeurent tr\u00e8s engag\u00e9\u00b7e\u00b7s au sein du r\u00e9seau gr\u00e2ce \u00e0 des conf\u00e9rences, des s\u00e9ances virtuelles, des rencontres locales et du mentorat aupr\u00e8s des fellows , favorisant ainsi continuellement la collaboration et les \u00e9changes professionnels.<\/p>\n<p>Apr\u00e8s l\u2019ann\u00e9e de fellowship, les anciens \u00e9tudiants ont occup\u00e9 les postes suivants :<\/p>\n<ul>\n<li>Vice-pr\u00e9sident, soutien au chef de la direction, Scotiabank<\/li>\n<li>Ministre adjoint et secr\u00e9taire du Cabinet, Gouvernement du Yukon<\/li>\n<li>Ministre des Services aux citoyens et d\u00e9put\u00e9, Gouvernement du Canada<\/li>\n<li>Pr\u00e9sident de l\u2019Association m\u00e9dicale canadienne<\/li>\n<li>Membre de l\u2019Assembl\u00e9e nationale du Qu\u00e9bec<\/li>\n<li>Directeur ex\u00e9cutif, Fiert\u00e9 Montr\u00e9al<\/li>\n<li>Directeur de la strat\u00e9gie des campagnes politiques mondiales, Meta<\/li>\n<\/ul>\n","protected":false},"excerpt":{"rendered":"<p>Les plus de 300 ancien\u00b7ne\u00b7s d\u2019Action Canada forment un r\u00e9seau national de leaders issus de divers secteurs, dont les affaires, le gouvernement, le milieu universitaire, les sciences et les organismes sans but lucratif, unis par un engagement commun envers le pays et les politiques publiques. Ils et elles demeurent tr\u00e8s engag\u00e9\u00b7e\u00b7s au sein du r\u00e9seau [&hellip;]<\/p>\n","protected":false},"author":9,"featured_media":0,"parent":0,"menu_order":0,"comment_status":"closed","ping_status":"closed","template":"page-alumni.php","meta":{"_acf_changed":false,"_seopress_robots_primary_cat":"","_seopress_titles_title":"","_seopress_titles_desc":"","_seopress_robots_index":"","footnotes":""},"class_list":["post-19664","page","type-page","status-publish","hentry"],"acf":[],"_links":{"self":[{"href":"https:\/\/www.actioncanada.ca\/fr\/wp-json\/wp\/v2\/pages\/19664","targetHints":{"allow":["GET"]}}],"collection":[{"href":"https:\/\/www.actioncanada.ca\/fr\/wp-json\/wp\/v2\/pages"}],"about":[{"href":"https:\/\/www.actioncanada.ca\/fr\/wp-json\/wp\/v2\/types\/page"}],"author":[{"embeddable":true,"href":"https:\/\/www.actioncanada.ca\/fr\/wp-json\/wp\/v2\/users\/9"}],"replies":[{"embeddable":true,"href":"https:\/\/www.actioncanada.ca\/fr\/wp-json\/wp\/v2\/comments?post=19664"}],"version-history":[{"count":8,"href":"https:\/\/www.actioncanada.ca\/fr\/wp-json\/wp\/v2\/pages\/19664\/revisions"}],"predecessor-version":[{"id":20059,"href":"https:\/\/www.actioncanada.ca\/fr\/wp-json\/wp\/v2\/pages\/19664\/revisions\/20059"}],"wp:attachment":[{"href":"https:\/\/www.actioncanada.ca\/fr\/wp-json\/wp\/v2\/media?parent=19664"}],"curies":[{"name":"wp","href":"https:\/\/api.w.org\/{rel}","templated":true}]}}