{"id":6696,"date":"2021-05-19T20:27:42","date_gmt":"2021-05-19T20:27:42","guid":{"rendered":"https:\/\/ac.aponia.ca\/a-propos\/"},"modified":"2025-12-08T17:37:01","modified_gmt":"2025-12-08T17:37:01","slug":"a-propos","status":"publish","type":"page","link":"https:\/\/www.actioncanada.ca\/fr\/a-propos\/","title":{"rendered":"Notre histoire"},"content":{"rendered":"<p>En 2003, le philanthrope et homme d\u2019affaires\u00a0<strong>Sam Belzerg<\/strong>\u00a0et le pr\u00e9sident de l\u2019Universit\u00e9 Simon-Fraser\u00a0<strong>Jack Blaney<\/strong>\u00a0ont cr\u00e9\u00e9 le Fellowship d\u2019Action Canada pour soutenir la prochaine g\u00e9n\u00e9ration de leaders canadien.ne.s. \u00ab Nous voulons que le Canada soit le meilleur pays au monde, et pour cela nous avons besoin d\u2019un leadership exceptionnel \u00bb, disait M. Belzerg. Sous la responsabilit\u00e9 de directrice ex\u00e9cutive fondatrice du programme, Cathy Beehan, le Fellowship s\u2019est d\u00e9velopp\u00e9 et a accueilli chaque ann\u00e9e une cohorte de leaders exceptionnels chaque ann\u00e9e pendant plus d\u2019une d\u00e9cennie.<\/p>\n<p>En 2017, Action Canada et le Forum des politiques publiques ont uni leurs forces pour d\u00e9velopper le principal acc\u00e9l\u00e9rateur de nouveaux leaders au Canada. Ensemble, nous proposons le programme Action Canada Fellowship, un programme de leadership en mati\u00e8re de politiques publiques d&rsquo;une dur\u00e9e de 10 mois qui vise \u00e0 am\u00e9liorer la compr\u00e9hension des leaders \u00e9mergents du pays et des choix de politiques publiques pour l&rsquo;avenir.<\/p>\n","protected":false},"excerpt":{"rendered":"<p>En 2003, le philanthrope et homme d\u2019affaires\u00a0Sam Belzerg\u00a0et le pr\u00e9sident de l\u2019Universit\u00e9 Simon-Fraser\u00a0Jack Blaney\u00a0ont cr\u00e9\u00e9 le Fellowship d\u2019Action Canada pour soutenir la prochaine g\u00e9n\u00e9ration de leaders canadien.ne.s. \u00ab Nous voulons que le Canada soit le meilleur pays au monde, et pour cela nous avons besoin d\u2019un leadership exceptionnel \u00bb, disait M. Belzerg. Sous la responsabilit\u00e9 [&hellip;]<\/p>\n","protected":false},"author":2,"featured_media":0,"parent":0,"menu_order":0,"comment_status":"closed","ping_status":"closed","template":"","meta":{"_acf_changed":false,"_seopress_robots_primary_cat":"","_seopress_titles_title":"Action Canada Fellowship Mentors, Advisors, Board & Staff","_seopress_titles_desc":"Numerous distinguished Canadians have contributed to the development and evolution of the Action Canada Fellowship.","_seopress_robots_index":"","footnotes":""},"class_list":["post-6696","page","type-page","status-publish","hentry"],"acf":[],"_links":{"self":[{"href":"https:\/\/www.actioncanada.ca\/fr\/wp-json\/wp\/v2\/pages\/6696","targetHints":{"allow":["GET"]}}],"collection":[{"href":"https:\/\/www.actioncanada.ca\/fr\/wp-json\/wp\/v2\/pages"}],"about":[{"href":"https:\/\/www.actioncanada.ca\/fr\/wp-json\/wp\/v2\/types\/page"}],"author":[{"embeddable":true,"href":"https:\/\/www.actioncanada.ca\/fr\/wp-json\/wp\/v2\/users\/2"}],"replies":[{"embeddable":true,"href":"https:\/\/www.actioncanada.ca\/fr\/wp-json\/wp\/v2\/comments?post=6696"}],"version-history":[{"count":10,"href":"https:\/\/www.actioncanada.ca\/fr\/wp-json\/wp\/v2\/pages\/6696\/revisions"}],"predecessor-version":[{"id":20121,"href":"https:\/\/www.actioncanada.ca\/fr\/wp-json\/wp\/v2\/pages\/6696\/revisions\/20121"}],"wp:attachment":[{"href":"https:\/\/www.actioncanada.ca\/fr\/wp-json\/wp\/v2\/media?parent=6696"}],"curies":[{"name":"wp","href":"https:\/\/api.w.org\/{rel}","templated":true}]}}