{"id":6796,"date":"2021-05-24T05:18:39","date_gmt":"2021-05-24T05:18:39","guid":{"rendered":"https:\/\/ac.aponia.ca\/communaute\/"},"modified":"2024-12-17T20:17:32","modified_gmt":"2024-12-17T20:17:32","slug":"communaute","status":"publish","type":"page","link":"https:\/\/www.actioncanada.ca\/fr\/communaute\/","title":{"rendered":"Communaut\u00e9"},"content":{"rendered":"<h4><a href=\"#\">Fellows<\/a><\/h4>\n<h4><a href=\"\/fr\/communaute\/#alumni\">Anciens<\/a><\/h4>\n<h4><a href=\"#Events\">\u00c9v\u00e9nements<\/a><\/h4>\n<h2>Les fellows de cette ann\u00e9e<\/h2>\n<p>Chaque ann\u00e9e, nous s\u00e9lectionnons 17 \u00e0 20 leaders \u00e9mergents pour devenir fellows d\u2019Action Canada. Originaires de grandes villes et de petites collectivit\u00e9s telles que Carcross, Yukon; Witless Bay, Terre-Neuve-et-Labrador; et Fermont, Qu\u00e9bec, il s\u2019agit des meilleurs candidat.e.s retenus \u00e0 l\u2019issue d\u2019un appel \u00e0 candidatures national.<\/p>\n<p>Ils\/elles repr\u00e9sentent tous les secteurs, notamment les entreprises, les ONG, la science, le gouvernement et le milieu universitaire. Ils\/elles ont en commun leur engagement en faveur du Canada et une implication manifeste dans les politiques publiques.<\/p>\n<h2>Anciens Fellows<\/h2>\n<p>Les 300+ anciens fellows d\u2019Action Canada qui sont au c\u0153ur de cette communaut\u00e9 engag\u00e9e sont des leaders exceptionnels dans leurs domaines respectifs et ont en commun un m\u00eame engagement en faveur du Canada et une implication manifeste dans les politiques publiques. Ils\/elles repr\u00e9sentent tous les secteurs, y compris les entreprises, les ONG, la science, le gouvernement et le milieu universitaire.<\/p>\n<p>Apr\u00e8s l&rsquo;ann\u00e9e de fellowship, les anciens \u00e9tudiants ont occup\u00e9 les postes suivants :<\/p>\n<ul>\n<li>Vice-pr\u00e9sident, soutien au chef de la direction, Scotiabank<\/li>\n<li>Ministre adjoint et secr\u00e9taire du Cabinet, Gouvernement du Yukon<\/li>\n<li>Ministre des Services aux citoyens et d\u00e9put\u00e9, Gouvernement du Canada<\/li>\n<li>Pr\u00e9sident de l&rsquo;Association m\u00e9dicale canadienne<\/li>\n<li>Associ\u00e9, McCarthy T\u00e9trault LLP<\/li>\n<li>Membre de l&rsquo;Assembl\u00e9e nationale du Qu\u00e9bec<\/li>\n<li>Chaire de recherche du Canada en pr\u00e9vention des blessures et en activit\u00e9 physique pour la sant\u00e9<\/li>\n<li>Directeur ex\u00e9cutif, Fiert\u00e9 Montr\u00e9al<\/li>\n<li>Directeur de la strat\u00e9gie des campagnes politiques mondiales, Meta<\/li>\n<\/ul>\n<p>\t\t\t<a href=\"\/fr\/fellows\/\" role=\"button\"><br \/>\n\t\t\t\t\t\tTous nos fellows<br \/>\n\t\t\t\t\t<\/a><br \/>\n\t\t\t\t\t\t\t\t\t\t\t\t\t\t\t<img decoding=\"async\" width=\"447\" height=\"348\" src=\"https:\/\/actioncanada.ca\/wp-content\/uploads\/2024\/01\/website-image.png\" alt=\"\" loading=\"lazy\" srcset=\"https:\/\/actioncanada.ca\/wp-content\/uploads\/2024\/01\/website-image.png 447w, https:\/\/actioncanada.ca\/wp-content\/uploads\/2024\/01\/website-image-300x234.png 300w\" sizes=\"auto, (max-width: 447px) 100vw, 447px\" \/>\t\t\t\t\t\t\t\t\t\t\t\t\t\t\t<\/p>\n<figure class='gallery-item'>\n\t\t\t\t<a data-elementor-open-lightbox=\"yes\" data-elementor-lightbox-slideshow=\"37c6ace0\" data-elementor-lightbox-title=\"Community page - Alumni events and conferences-Photo#1 -First Row\" e-action-hash=\"#elementor-action%3Aaction%3Dlightbox%26settings%3DeyJpZCI6NzAxNCwidXJsIjoiaHR0cHM6XC9cL2FjdGlvbmNhbmFkYS5jYVwvd3AtY29udGVudFwvdXBsb2Fkc1wvMjAyMVwvMDZcL0NvbW11bml0eS1wYWdlLUFsdW1uaS1ldmVudHMtYW5kLWNvbmZlcmVuY2VzLVBob3RvMS1GaXJzdC1Sb3cuanBnIiwic2xpZGVzaG93IjoiMzdjNmFjZTAifQ%3D%3D\" href='https:\/\/actioncanada.ca\/wp-content\/uploads\/2021\/06\/Community-page-Alumni-events-and-conferences-Photo1-First-Row.jpg'><img width=\"768\" height=\"751\" src=\"https:\/\/actioncanada.ca\/wp-content\/uploads\/2021\/06\/Community-page-Alumni-events-and-conferences-Photo1-First-Row-768x751.jpg\" alt=\"\" decoding=\"async\" loading=\"lazy\" srcset=\"https:\/\/actioncanada.ca\/wp-content\/uploads\/2021\/06\/Community-page-Alumni-events-and-conferences-Photo1-First-Row-768x751.jpg 768w, https:\/\/actioncanada.ca\/wp-content\/uploads\/2021\/06\/Community-page-Alumni-events-and-conferences-Photo1-First-Row-300x293.jpg 300w, https:\/\/actioncanada.ca\/wp-content\/uploads\/2021\/06\/Community-page-Alumni-events-and-conferences-Photo1-First-Row.jpg 1024w\" sizes=\"auto, (max-width: 768px) 100vw, 768px\" \/><\/a><br \/>\n\t\t\t<\/figure>\n<figure class='gallery-item'>\n\t\t\t\t<a data-elementor-open-lightbox=\"yes\" data-elementor-lightbox-slideshow=\"37c6ace0\" data-elementor-lightbox-title=\"Community page - Alumni events and conferences Section (1)\" e-action-hash=\"#elementor-action%3Aaction%3Dlightbox%26settings%3DeyJpZCI6NjQyNiwidXJsIjoiaHR0cHM6XC9cL2FjdGlvbmNhbmFkYS5jYVwvd3AtY29udGVudFwvdXBsb2Fkc1wvMjAyMVwvMDZcL0NvbW11bml0eS1wYWdlLUFsdW1uaS1ldmVudHMtYW5kLWNvbmZlcmVuY2VzLVNlY3Rpb24tMS5qcGciLCJzbGlkZXNob3ciOiIzN2M2YWNlMCJ9\" href='https:\/\/actioncanada.ca\/wp-content\/uploads\/2021\/06\/Community-page-Alumni-events-and-conferences-Section-1.jpg'><img width=\"768\" height=\"512\" src=\"https:\/\/actioncanada.ca\/wp-content\/uploads\/2021\/06\/Community-page-Alumni-events-and-conferences-Section-1-768x512.jpg\" alt=\"\" decoding=\"async\" loading=\"lazy\" srcset=\"https:\/\/actioncanada.ca\/wp-content\/uploads\/2021\/06\/Community-page-Alumni-events-and-conferences-Section-1-768x512.jpg 768w, https:\/\/actioncanada.ca\/wp-content\/uploads\/2021\/06\/Community-page-Alumni-events-and-conferences-Section-1-300x200.jpg 300w, https:\/\/actioncanada.ca\/wp-content\/uploads\/2021\/06\/Community-page-Alumni-events-and-conferences-Section-1.jpg 799w\" sizes=\"auto, (max-width: 768px) 100vw, 768px\" \/><\/a><br \/>\n\t\t\t<\/figure>\n<figure class='gallery-item'>\n\t\t\t\t<a data-elementor-open-lightbox=\"yes\" data-elementor-lightbox-slideshow=\"37c6ace0\" data-elementor-lightbox-title=\"Community page - Alumni_event and conf- Photo#3 -Frist row\" e-action-hash=\"#elementor-action%3Aaction%3Dlightbox%26settings%3DeyJpZCI6NzAxMiwidXJsIjoiaHR0cHM6XC9cL2FjdGlvbmNhbmFkYS5jYVwvd3AtY29udGVudFwvdXBsb2Fkc1wvMjAyMVwvMDZcL0NvbW11bml0eS1wYWdlLUFsdW1uaV9ldmVudC1hbmQtY29uZi1QaG90bzMtRnJpc3Qtcm93LmpwZyIsInNsaWRlc2hvdyI6IjM3YzZhY2UwIn0%3D\" href='https:\/\/actioncanada.ca\/wp-content\/uploads\/2021\/06\/Community-page-Alumni_event-and-conf-Photo3-Frist-row.jpg'><img width=\"768\" height=\"647\" src=\"https:\/\/actioncanada.ca\/wp-content\/uploads\/2021\/06\/Community-page-Alumni_event-and-conf-Photo3-Frist-row-768x647.jpg\" alt=\"\" decoding=\"async\" loading=\"lazy\" srcset=\"https:\/\/actioncanada.ca\/wp-content\/uploads\/2021\/06\/Community-page-Alumni_event-and-conf-Photo3-Frist-row-768x647.jpg 768w, https:\/\/actioncanada.ca\/wp-content\/uploads\/2021\/06\/Community-page-Alumni_event-and-conf-Photo3-Frist-row-300x253.jpg 300w, https:\/\/actioncanada.ca\/wp-content\/uploads\/2021\/06\/Community-page-Alumni_event-and-conf-Photo3-Frist-row-1024x863.jpg 1024w, https:\/\/actioncanada.ca\/wp-content\/uploads\/2021\/06\/Community-page-Alumni_event-and-conf-Photo3-Frist-row-1536x1295.jpg 1536w, https:\/\/actioncanada.ca\/wp-content\/uploads\/2021\/06\/Community-page-Alumni_event-and-conf-Photo3-Frist-row.jpg 1903w\" sizes=\"auto, (max-width: 768px) 100vw, 768px\" \/><\/a><br \/>\n\t\t\t<\/figure>\n<figure class='gallery-item'>\n\t\t\t\t<a data-elementor-open-lightbox=\"yes\" data-elementor-lightbox-slideshow=\"37c6ace0\" data-elementor-lightbox-title=\"Community page - Alumni events and conferences Section (4)\" e-action-hash=\"#elementor-action%3Aaction%3Dlightbox%26settings%3DeyJpZCI6NjQzMiwidXJsIjoiaHR0cHM6XC9cL2FjdGlvbmNhbmFkYS5jYVwvd3AtY29udGVudFwvdXBsb2Fkc1wvMjAyMVwvMDZcL0NvbW11bml0eS1wYWdlLUFsdW1uaS1ldmVudHMtYW5kLWNvbmZlcmVuY2VzLVNlY3Rpb24tNC5qcGciLCJzbGlkZXNob3ciOiIzN2M2YWNlMCJ9\" href='https:\/\/actioncanada.ca\/wp-content\/uploads\/2021\/06\/Community-page-Alumni-events-and-conferences-Section-4.jpg'><img width=\"768\" height=\"608\" src=\"https:\/\/actioncanada.ca\/wp-content\/uploads\/2021\/06\/Community-page-Alumni-events-and-conferences-Section-4-768x608.jpg\" alt=\"\" decoding=\"async\" loading=\"lazy\" srcset=\"https:\/\/actioncanada.ca\/wp-content\/uploads\/2021\/06\/Community-page-Alumni-events-and-conferences-Section-4-768x608.jpg 768w, https:\/\/actioncanada.ca\/wp-content\/uploads\/2021\/06\/Community-page-Alumni-events-and-conferences-Section-4-300x237.jpg 300w, https:\/\/actioncanada.ca\/wp-content\/uploads\/2021\/06\/Community-page-Alumni-events-and-conferences-Section-4.jpg 1024w\" sizes=\"auto, (max-width: 768px) 100vw, 768px\" \/><\/a><br \/>\n\t\t\t<\/figure>\n<figure class='gallery-item'>\n\t\t\t\t<a data-elementor-open-lightbox=\"yes\" data-elementor-lightbox-slideshow=\"37c6ace0\" data-elementor-lightbox-title=\"Community page - Alumni events and conferences Section (5)\" e-action-hash=\"#elementor-action%3Aaction%3Dlightbox%26settings%3DeyJpZCI6NjQzNCwidXJsIjoiaHR0cHM6XC9cL2FjdGlvbmNhbmFkYS5jYVwvd3AtY29udGVudFwvdXBsb2Fkc1wvMjAyMVwvMDZcL0NvbW11bml0eS1wYWdlLUFsdW1uaS1ldmVudHMtYW5kLWNvbmZlcmVuY2VzLVNlY3Rpb24tNS5qcGciLCJzbGlkZXNob3ciOiIzN2M2YWNlMCJ9\" href='https:\/\/actioncanada.ca\/wp-content\/uploads\/2021\/06\/Community-page-Alumni-events-and-conferences-Section-5.jpg'><img width=\"768\" height=\"512\" src=\"https:\/\/actioncanada.ca\/wp-content\/uploads\/2021\/06\/Community-page-Alumni-events-and-conferences-Section-5-768x512.jpg\" alt=\"\" decoding=\"async\" loading=\"lazy\" srcset=\"https:\/\/actioncanada.ca\/wp-content\/uploads\/2021\/06\/Community-page-Alumni-events-and-conferences-Section-5-768x512.jpg 768w, https:\/\/actioncanada.ca\/wp-content\/uploads\/2021\/06\/Community-page-Alumni-events-and-conferences-Section-5-300x200.jpg 300w, https:\/\/actioncanada.ca\/wp-content\/uploads\/2021\/06\/Community-page-Alumni-events-and-conferences-Section-5.jpg 1024w\" sizes=\"auto, (max-width: 768px) 100vw, 768px\" \/><\/a><br \/>\n\t\t\t<\/figure>\n<figure class='gallery-item'>\n\t\t\t\t<a data-elementor-open-lightbox=\"yes\" data-elementor-lightbox-slideshow=\"37c6ace0\" data-elementor-lightbox-title=\"bg_card_16\" e-action-hash=\"#elementor-action%3Aaction%3Dlightbox%26settings%3DeyJpZCI6MTE4MSwidXJsIjoiaHR0cHM6XC9cL2FjdGlvbmNhbmFkYS5jYVwvd3AtY29udGVudFwvdXBsb2Fkc1wvMjAyMVwvMDVcL2JnX2NhcmRfMTYucG5nIiwic2xpZGVzaG93IjoiMzdjNmFjZTAifQ%3D%3D\" href='https:\/\/actioncanada.ca\/wp-content\/uploads\/2021\/05\/bg_card_16.png'><img width=\"235\" height=\"299\" src=\"https:\/\/actioncanada.ca\/wp-content\/uploads\/2021\/05\/bg_card_16.png\" alt=\"\" decoding=\"async\" loading=\"lazy\" \/><\/a><br \/>\n\t\t\t<\/figure>\n<h2>\u00c9v\u00e9nements et conf\u00e9rences des anciens fellows <\/h2>\n<p>Les membres de la communaut\u00e9 des anciens d&rsquo;Action Canada restent actifs et en contact les uns avec les autres, tout en \u00e9tablissant de nouvelles relations.<\/p>\n<p>Cela passe notamment par les activit\u00e9s suivantes\u00a0:<\/p>\n<ul>\n<li>Organiser une conf\u00e9rence annuelle des anciens ;<\/li>\n<li>Participer \u00e0 des sessions virtuelles pour les anciens sur la politique, le leadership et le Canada ;<\/li>\n<li>Convoquer les chapitres locaux d&rsquo;Action Canada pour des rencontres sociales ;<\/li>\n<li>Participer ou en prenant la parole lors de sessions \/ voyages d&rsquo;\u00e9tude pendant l&rsquo;ann\u00e9e du programme en cours afin de rencontrer les nouveaux fellows ; et<\/li>\n<li>Se connecter directement les uns aux autres pour lancer de nouveaux projets, soutenir le travail de chacun et partager des conseils ou des opportunit\u00e9s professionnelles.<\/li>\n<\/ul>\n<p>\t\t\t\t\t\t\t\t\t\t\t\t\t\t\t<img decoding=\"async\" width=\"800\" height=\"533\" src=\"https:\/\/actioncanada.ca\/wp-content\/uploads\/2021\/06\/Speakers-and-Friends-of-Canada-Community-page.jpg\" alt=\"\" loading=\"lazy\" srcset=\"https:\/\/actioncanada.ca\/wp-content\/uploads\/2021\/06\/Speakers-and-Friends-of-Canada-Community-page.jpg 1024w, https:\/\/actioncanada.ca\/wp-content\/uploads\/2021\/06\/Speakers-and-Friends-of-Canada-Community-page-300x200.jpg 300w, https:\/\/actioncanada.ca\/wp-content\/uploads\/2021\/06\/Speakers-and-Friends-of-Canada-Community-page-768x512.jpg 768w\" sizes=\"auto, (max-width: 800px) 100vw, 800px\" \/>\t\t\t\t\t\t\t\t\t\t\t\t\t\t\t<\/p>\n<h2>Conf\u00e9renciers.i\u00e8res et ami.e.s d\u2019Action Canada<\/h2>\n<p>Action Canada exprime sa profonde reconnaissance pour le soutien apport\u00e9 par d\u2019\u00e9minents Canadiens et Canadiennes qui ont cr\u00e9\u00e9 le Fellowship et favoris\u00e9 sa croissance pour en faire l\u2019organisation et le programme importants de d\u00e9veloppement du leadership qu\u2019il est aujourd&rsquo;hui.<\/p>\n<h3>Fondateurs.trices et anciens mentor.e.s et conseillers.\u00e8res<\/h3>\n<p><strong>Sam Belzberg<\/strong>, O.C., O.B.C., pr\u00e9sident et chef de la direction de Gibralt Capital Corp., fondateur \u00e9m\u00e9rite d\u2019Action Canada<\/p>\n<p><strong>Jack Blaney<\/strong>, O.B.C., pr\u00e9sident \u00e9m\u00e9rite, Universit\u00e9 Simon-Fraser<\/p>\n<p><strong>David Aisenstat<\/strong>, pr\u00e9sident et chef de la direction, The Keg Steakhouse and Bar<\/p>\n<p><strong>Fran Belzberg<\/strong>, C.M.<\/p>\n<p><strong>Marc de La Bruy\u00e8re<\/strong>, directeur g\u00e9n\u00e9ral et pr\u00e9sident, Maclab Enterprises<\/p>\n<p><strong>Richard Dicerni<\/strong>, C.M. sous-ministre, Conseil ex\u00e9cutif de l\u2019Alberta, chef de la fonction publique de l\u2019Alberta<\/p>\n<p><strong>Clay Horner<\/strong>, pr\u00e9sident, Osler, Hoskin &amp; Harcourt LLP<\/p>\n<p><strong>Mark Winston<\/strong>, directeur fondateur, SFU Centre for Dialogue<\/p>\n<p><strong>Stella Ablett<\/strong><\/p>\n<p><strong>Helen Augustin<\/strong><\/p>\n<p><strong>Elodie Jacquet<\/strong><\/p>\n<p><strong>Andrew Cohen<\/strong>, professeur, Universit\u00e9 Carleton<\/p>\n<p><strong>Eva Czigler<\/strong>, ancienne directrice principale, CBC Television<\/p>\n<p><strong>Bob Foulkes<\/strong>, consultant en communication<\/p>\n<p><strong>Rae Hull<\/strong>, directrice, Rae Hull Media<\/p>\n<p><strong>Jim Mitchell<\/strong>, associ\u00e9 fondateur, Sussex Circle<\/p>\n<p><strong>Andrea Rose<\/strong>, professeure, Universit\u00e9 Memorial de Terre-Neuve<\/p>\n<p>Juge <strong>Malcolm Rowe<\/strong>, juge de la Cour supr\u00eame<\/p>\n<p><strong>Janet Smith<\/strong>, sous-ministre f\u00e9d\u00e9rale (\u00e0 la retraite)<\/p>\n<p><strong>Cathy Beehan<\/strong>, fondatrice et chef de la direction \u00e9m\u00e9rite d\u2019Action Canada<\/p>\n<p><strong>Lisa Belzberg<\/strong>, fondatrice et pr\u00e9sidente \u00e9m\u00e9rite, PENCIL<\/p>\n<p><strong>Ann Cowan<\/strong>, ancienne directrice ex\u00e9cutive, Universit\u00e9 Simon-Fraser<\/p>\n<p><strong>Andr\u00e9 Juneau<\/strong>, sous-ministre f\u00e9d\u00e9ral (\u00e0 la retraite)<\/p>\n<p><strong>Jodi White<\/strong>, C.M. ancienne chef de cabinet de la premi\u00e8re ministre du Canada<\/p>\n<p><strong>Don Buckingham<\/strong>, pr\u00e9sident et chef de la direction, Institut canadien des politiques agroalimentaires<\/p>\n<p><strong>Dion Martens<\/strong>, Bureau du vice-pr\u00e9sident de la recherche, Universit\u00e9 de la Saskatchewan<\/p>\n<p><strong>Brian Topp<\/strong>, associ\u00e9 du FPP et chef de cabinet de la premi\u00e8re ministre de l\u2019Alberta<\/p>\n<p><strong>Suzanne Vinet<\/strong>, ancienne sous-ministre d\u2019Agriculture et Agroalimentaire Canada<\/p>\n<p><strong>Elaine Feldman<\/strong>, ancienne pr\u00e9sidente de l\u2019Agence d&rsquo;\u00e9valuation d&rsquo;impact du Canada<\/p>\n<p><strong>Guillaume Lavoie<\/strong>, fellow d\u2019Action Canada \u201906<\/p>\n<p><strong>Jane Taber<\/strong>, Vice-pr\u00e9sident des affaires publiques au NATIONAL.<\/p>\n<p><strong>Mike DeGagn\u00e9<\/strong> C.M., O.O., pr\u00e9sident et chef de la direction d\u2019Indspire<\/p>\n<p><strong>Daniel Jean<\/strong>, ancien sous-ministre d\u2019Affaires mondiales Canada et conseiller en mati\u00e8re de s\u00e9curit\u00e9 nationale<\/p>\n<p><strong>Sarah Doyle<\/strong>, directrice des politiques, Brookfield Institute, Fellow d\u2019Action Canada \u201915<\/p>\n<p><strong>Sean Speer<\/strong>, boursier des premiers ministres du Canada et associ\u00e9 en r\u00e9sidence du FPP<\/p>\n<p><strong>Sunil Johal<\/strong>, associ\u00e9 du FPP<\/p>\n<p><strong>Jake Hirsch-Allen<\/strong>, LinkedIN<\/p>\n<p><strong>Rachel Wernick<\/strong>, sous-ministre adjointe principale d\u2019Emploi et d\u00e9veloppement social Canada<\/p>\n<p><strong>Anjum Sultana<\/strong>, YWCA Canada<\/p>\n<p><strong>Andr\u00e9e Loucks, <\/strong>charg\u00e9e de politiques au FPP<\/p>\n<p><b>Zainub Verjee<\/b>,&nbsp;Directeur ex\u00e9cutif de Galleries Ontario<\/p>\n<p><b>Janice McDonald,<\/b>&nbsp;Fondatrice de l&rsquo;Agence Beacon<\/p>\n<p>\t\t\t\t\t\t\t\t\t\t\t\t\t\t\t<img decoding=\"async\" width=\"707\" height=\"470\" src=\"https:\/\/actioncanada.ca\/wp-content\/uploads\/2021\/05\/photos-cta.png\" alt=\"\" loading=\"lazy\" srcset=\"https:\/\/actioncanada.ca\/wp-content\/uploads\/2021\/05\/photos-cta.png 707w, https:\/\/actioncanada.ca\/wp-content\/uploads\/2021\/05\/photos-cta-300x199.png 300w\" sizes=\"auto, (max-width: 707px) 100vw, 707px\" \/><br \/>\n\t\t\t\t\t\t\t\t\t\t\t\t\t\t\t<img decoding=\"async\" width=\"40\" height=\"40\" src=\"https:\/\/actioncanada.ca\/wp-content\/uploads\/2021\/05\/Ellipse-18.png\" alt=\"\" loading=\"lazy\" \/>\t\t\t\t\t\t\t\t\t\t\t\t\t\t\t<\/p>\n<h1>Rapports des fellows<\/h1>\n<p>Lisez les nouvelles id\u00e9es de politiques publiques des fellows<\/p>\n<p>\t\t\t<a href=\"https:\/\/actioncanada.ca\/fr\/publications\/\" role=\"button\"><br \/>\n\t\t\t\t\t\tEn savoir plus<br \/>\n\t\t\t\t\t<\/a><br \/>\n\t\t\t\t\t\t\t\t\t\t\t\t\t\t\t<img decoding=\"async\" width=\"120\" height=\"99\" src=\"https:\/\/actioncanada.ca\/wp-content\/uploads\/2021\/05\/group_89_new.png\" alt=\"\" loading=\"lazy\" \/><\/p>\n","protected":false},"excerpt":{"rendered":"<p>Fellows Anciens \u00c9v\u00e9nements Les fellows de cette ann\u00e9e Chaque ann\u00e9e, nous s\u00e9lectionnons 17 \u00e0 20 leaders \u00e9mergents pour devenir fellows d\u2019Action Canada. Originaires de grandes villes et de petites collectivit\u00e9s telles que Carcross, Yukon; Witless Bay, Terre-Neuve-et-Labrador; et Fermont, Qu\u00e9bec, il s\u2019agit des meilleurs candidat.e.s retenus \u00e0 l\u2019issue d\u2019un appel \u00e0 candidatures national. Ils\/elles repr\u00e9sentent [&hellip;]<\/p>\n","protected":false},"author":2,"featured_media":6778,"parent":0,"menu_order":0,"comment_status":"closed","ping_status":"closed","template":"","meta":{"_acf_changed":false,"_seopress_robots_primary_cat":"","_seopress_titles_title":"Former les leaders du Canada - Action Canada","_seopress_titles_desc":"De tous les secteurs, y compris les entreprises, les ONG, la science, le gouvernement, le milieu universitaire. Ils partagent un engagement envers le Canada et les politiques publiques.","_seopress_robots_index":"","footnotes":""},"class_list":["post-6796","page","type-page","status-publish","has-post-thumbnail","hentry"],"acf":[],"_links":{"self":[{"href":"https:\/\/www.actioncanada.ca\/fr\/wp-json\/wp\/v2\/pages\/6796","targetHints":{"allow":["GET"]}}],"collection":[{"href":"https:\/\/www.actioncanada.ca\/fr\/wp-json\/wp\/v2\/pages"}],"about":[{"href":"https:\/\/www.actioncanada.ca\/fr\/wp-json\/wp\/v2\/types\/page"}],"author":[{"embeddable":true,"href":"https:\/\/www.actioncanada.ca\/fr\/wp-json\/wp\/v2\/users\/2"}],"replies":[{"embeddable":true,"href":"https:\/\/www.actioncanada.ca\/fr\/wp-json\/wp\/v2\/comments?post=6796"}],"version-history":[{"count":0,"href":"https:\/\/www.actioncanada.ca\/fr\/wp-json\/wp\/v2\/pages\/6796\/revisions"}],"wp:featuredmedia":[{"embeddable":true,"href":"https:\/\/www.actioncanada.ca\/fr\/wp-json\/wp\/v2\/media\/6778"}],"wp:attachment":[{"href":"https:\/\/www.actioncanada.ca\/fr\/wp-json\/wp\/v2\/media?parent=6796"}],"curies":[{"name":"wp","href":"https:\/\/api.w.org\/{rel}","templated":true}]}}