{"id":6827,"date":"2021-05-17T20:20:15","date_gmt":"2021-05-17T20:20:15","guid":{"rendered":"https:\/\/ac.aponia.ca\/postuler\/"},"modified":"2026-03-10T14:51:33","modified_gmt":"2026-03-10T14:51:33","slug":"postuler","status":"publish","type":"page","link":"https:\/\/www.actioncanada.ca\/fr\/postuler\/","title":{"rendered":"Comment postuler"},"content":{"rendered":"<p>&nbsp;<\/p>\n<p>Le Fellowship d\u2019Action Canada offre une occasion unique de d\u00e9couvrir le Canada, d\u2019am\u00e9liorer votre compr\u00e9hension des politiques publiques, de perfectionner vos comp\u00e9tences en leadership et de constituer un r\u00e9seau avec d\u2019autres leaders d\u00e9vou\u00e9s.<\/p>\n<p>Chaque ann\u00e9e, nous s\u00e9lectionnons parmi un large \u00e9ventail de profils \u2013 \u00e0 la fois personnels et professionnels \u2013 des fellows qui souhaitent influer de fa\u00e7on d\u00e9cisive sur l\u2019\u00e9laboration des politiques publiques dans leurs collectivit\u00e9s et dans tout le Canada.<\/p>\n<p><strong>Postulez maintenant :<span style=\"text-decoration: underline;\"> <a href=\"https:\/\/app.smarterselect.com\/programs\/107931-Action-Canada\" target=\"_blank\" rel=\"noopener\">https:\/\/app.smarterselect.com\/programs\/107931-Action-Canada<\/a><\/span><\/strong><\/p>\n<div class=\"relative w-full aspect-video \"><iframe class=\"w-full h-full absolute inset-0\" title=\"Fellows&#039; Perspectives \/ Perspectives des fellows\" width=\"500\" height=\"281\" src=\"https:\/\/www.youtube.com\/embed\/mbYaAovu4VQ?feature=oembed\" frameborder=\"0\" allow=\"accelerometer; autoplay; clipboard-write; encrypted-media; gyroscope; picture-in-picture; web-share\" referrerpolicy=\"strict-origin-when-cross-origin\" allowfullscreen><\/iframe><\/div>\n","protected":false},"excerpt":{"rendered":"<p>&nbsp; Le Fellowship d\u2019Action Canada offre une occasion unique de d\u00e9couvrir le Canada, d\u2019am\u00e9liorer votre compr\u00e9hension des politiques publiques, de perfectionner vos comp\u00e9tences en leadership et de constituer un r\u00e9seau avec d\u2019autres leaders d\u00e9vou\u00e9s. Chaque ann\u00e9e, nous s\u00e9lectionnons parmi un large \u00e9ventail de profils \u2013 \u00e0 la fois personnels et professionnels \u2013 des fellows qui [&hellip;]<\/p>\n","protected":false},"author":2,"featured_media":0,"parent":0,"menu_order":0,"comment_status":"closed","ping_status":"closed","template":"","meta":{"_acf_changed":false,"_seopress_robots_primary_cat":"","_seopress_titles_title":"Postulez au Fellowship d'Action Canada","_seopress_titles_desc":"Ce fellowship est une exp\u00e9rience de d\u00e9veloppement des comp\u00e9tences immersive con\u00e7ue pour engager et informer les Canadiens et Canadiennes au sujet des enjeux politiques","_seopress_robots_index":"","footnotes":""},"class_list":["post-6827","page","type-page","status-publish","hentry"],"acf":[],"_links":{"self":[{"href":"https:\/\/www.actioncanada.ca\/fr\/wp-json\/wp\/v2\/pages\/6827","targetHints":{"allow":["GET"]}}],"collection":[{"href":"https:\/\/www.actioncanada.ca\/fr\/wp-json\/wp\/v2\/pages"}],"about":[{"href":"https:\/\/www.actioncanada.ca\/fr\/wp-json\/wp\/v2\/types\/page"}],"author":[{"embeddable":true,"href":"https:\/\/www.actioncanada.ca\/fr\/wp-json\/wp\/v2\/users\/2"}],"replies":[{"embeddable":true,"href":"https:\/\/www.actioncanada.ca\/fr\/wp-json\/wp\/v2\/comments?post=6827"}],"version-history":[{"count":58,"href":"https:\/\/www.actioncanada.ca\/fr\/wp-json\/wp\/v2\/pages\/6827\/revisions"}],"predecessor-version":[{"id":20973,"href":"https:\/\/www.actioncanada.ca\/fr\/wp-json\/wp\/v2\/pages\/6827\/revisions\/20973"}],"wp:attachment":[{"href":"https:\/\/www.actioncanada.ca\/fr\/wp-json\/wp\/v2\/media?parent=6827"}],"curies":[{"name":"wp","href":"https:\/\/api.w.org\/{rel}","templated":true}]}}