{"id":9370,"date":"2021-07-22T12:15:26","date_gmt":"2021-07-22T12:15:26","guid":{"rendered":"https:\/\/actioncanada.ca\/alphabetiquement\/"},"modified":"2026-01-19T18:17:52","modified_gmt":"2026-01-19T18:17:52","slug":"les-fellows","status":"publish","type":"page","link":"https:\/\/www.actioncanada.ca\/fr\/les-fellows\/","title":{"rendered":"Les fellows de cette ann\u00e9e"},"content":{"rendered":"<p>Chaque ann\u00e9e, 17 leaders \u00e9mergents de partout au Canada sont s\u00e9lectionn\u00e9s comme fellows d\u2019Action Canada. Ils repr\u00e9sentent une grande diversit\u00e9 de secteurs et de communaut\u00e9s \u2014 des grands centres urbains jusqu\u2019\u00e0 des endroits comme la Premi\u00e8re Nation Carcross, Witless Bay, T.-N.-L. et Fermont, QC \u2014 et sont unis par leur engagement envers le Canada et les politiques publiques.<\/p>\n<p>D\u00e9couvrez les fellows de cette ann\u00e9e.<\/p>\n","protected":false},"excerpt":{"rendered":"<p>Chaque ann\u00e9e, 17 leaders \u00e9mergents de partout au Canada sont s\u00e9lectionn\u00e9s comme fellows d\u2019Action Canada. Ils repr\u00e9sentent une grande diversit\u00e9 de secteurs et de communaut\u00e9s \u2014 des grands centres urbains jusqu\u2019\u00e0 des endroits comme la Premi\u00e8re Nation Carcross, Witless Bay, T.-N.-L. et Fermont, QC \u2014 et sont unis par leur engagement envers le Canada et [&hellip;]<\/p>\n","protected":false},"author":2,"featured_media":0,"parent":0,"menu_order":0,"comment_status":"closed","ping_status":"closed","template":"page-fellows.php","meta":{"_acf_changed":false,"_seopress_robots_primary_cat":"","_seopress_titles_title":"","_seopress_titles_desc":"","_seopress_robots_index":"","footnotes":""},"class_list":["post-9370","page","type-page","status-publish","hentry"],"acf":[],"_links":{"self":[{"href":"https:\/\/www.actioncanada.ca\/fr\/wp-json\/wp\/v2\/pages\/9370","targetHints":{"allow":["GET"]}}],"collection":[{"href":"https:\/\/www.actioncanada.ca\/fr\/wp-json\/wp\/v2\/pages"}],"about":[{"href":"https:\/\/www.actioncanada.ca\/fr\/wp-json\/wp\/v2\/types\/page"}],"author":[{"embeddable":true,"href":"https:\/\/www.actioncanada.ca\/fr\/wp-json\/wp\/v2\/users\/2"}],"replies":[{"embeddable":true,"href":"https:\/\/www.actioncanada.ca\/fr\/wp-json\/wp\/v2\/comments?post=9370"}],"version-history":[{"count":6,"href":"https:\/\/www.actioncanada.ca\/fr\/wp-json\/wp\/v2\/pages\/9370\/revisions"}],"predecessor-version":[{"id":20793,"href":"https:\/\/www.actioncanada.ca\/fr\/wp-json\/wp\/v2\/pages\/9370\/revisions\/20793"}],"wp:attachment":[{"href":"https:\/\/www.actioncanada.ca\/fr\/wp-json\/wp\/v2\/media?parent=9370"}],"curies":[{"name":"wp","href":"https:\/\/api.w.org\/{rel}","templated":true}]}}